{"id":285,"date":"2025-06-30T17:01:43","date_gmt":"2025-06-30T14:01:43","guid":{"rendered":"https:\/\/starjin.pro\/?page_id=285"},"modified":"2025-07-10T13:18:07","modified_gmt":"2025-07-10T10:18:07","slug":"what-we-offer-with-starjin","status":"publish","type":"page","link":"https:\/\/starjin.pro\/fr\/what-we-offer-with-starjin\/","title":{"rendered":"A propos de"},"content":{"rendered":"<div data-elementor-type=\"wp-page\" data-elementor-id=\"285\" class=\"elementor elementor-285\">\n\t\t\t\t<div class=\"elementor-element elementor-element-9d83071 e-flex e-con-boxed e-con e-parent\" data-id=\"9d83071\" data-element_type=\"container\" data-settings=\"{&quot;background_background&quot;:&quot;classic&quot;}\">\n\t\t\t\t\t<div class=\"e-con-inner\">\n\t\t\t\t<div class=\"elementor-element elementor-element-4465338 elementor-invisible elementor-widget elementor-widget-heading\" data-id=\"4465338\" data-element_type=\"widget\" data-settings=\"{&quot;_animation&quot;:&quot;fadeInDown&quot;}\" data-widget_type=\"heading.default\">\n\t\t\t\t<div class=\"elementor-widget-container\">\n\t\t\t\t\t<h2 class=\"elementor-heading-title elementor-size-default\">Ce que nous offrons avec StarJin<\/h2>\t\t\t\t<\/div>\n\t\t\t\t<\/div>\n\t\t\t\t\t<\/div>\n\t\t\t\t<\/div>\n\t\t<div class=\"elementor-element elementor-element-a9e6ca1 e-flex e-con-boxed e-con e-parent\" data-id=\"a9e6ca1\" data-element_type=\"container\" data-settings=\"{&quot;background_background&quot;:&quot;gradient&quot;}\">\n\t\t\t\t\t<div class=\"e-con-inner\">\n\t\t\t\t<div class=\"elementor-element elementor-element-85be8af elementor-widget elementor-widget-text-editor\" data-id=\"85be8af\" data-element_type=\"widget\" data-widget_type=\"text-editor.default\">\n\t\t\t\t<div class=\"elementor-widget-container\">\n\t\t\t\t\t\t\t\t\t<ul><li><strong data-start=\"158\" data-end=\"180\">Accueil VIP \u00e0 l'a\u00e9roport<\/strong><br data-start=\"180\" data-end=\"183\" \/>- Accueil \u00e0 l'a\u00e9roport par un chauffeur personnel<br data-start=\"228\" data-end=\"231\" \/>- Transfert dans une voiture de location haut de gamme<\/li><\/ul>\t\t\t\t\t\t\t\t<\/div>\n\t\t\t\t<\/div>\n\t\t\t\t<div class=\"elementor-element elementor-element-52718d8 elementor-widget elementor-widget-image\" data-id=\"52718d8\" data-element_type=\"widget\" data-widget_type=\"image.default\">\n\t\t\t\t<div class=\"elementor-widget-container\">\n\t\t\t\t\t\t\t\t\t\t\t\t\t\t\t<img fetchpriority=\"high\" decoding=\"async\" width=\"1024\" height=\"683\" src=\"https:\/\/starjin.pro\/wp-content\/uploads\/2025\/06\/car-3262034-1024x683.jpg\" class=\"attachment-large size-large wp-image-246\" alt=\"\" srcset=\"https:\/\/starjin.pro\/wp-content\/uploads\/2025\/06\/car-3262034-1024x683.jpg 1024w, https:\/\/starjin.pro\/wp-content\/uploads\/2025\/06\/car-3262034-300x200.jpg 300w, https:\/\/starjin.pro\/wp-content\/uploads\/2025\/06\/car-3262034-768x512.jpg 768w\" sizes=\"(max-width: 1024px) 100vw, 1024px\" \/>\t\t\t\t\t\t\t\t\t\t\t\t\t\t\t<\/div>\n\t\t\t\t<\/div>\n\t\t\t\t\t<\/div>\n\t\t\t\t<\/div>\n\t\t<div class=\"elementor-element elementor-element-85da453 e-flex e-con-boxed e-con e-parent\" data-id=\"85da453\" data-element_type=\"container\" data-settings=\"{&quot;background_background&quot;:&quot;classic&quot;}\">\n\t\t\t\t\t<div class=\"e-con-inner\">\n\t\t\t\t<div class=\"elementor-element elementor-element-ea07e7a elementor-widget elementor-widget-text-editor\" data-id=\"ea07e7a\" data-element_type=\"widget\" data-widget_type=\"text-editor.default\">\n\t\t\t\t<div class=\"elementor-widget-container\">\n\t\t\t\t\t\t\t\t\t<ul>\n<li><strong data-start=\"273\" data-end=\"297\">H\u00e9bergement de luxe<\/strong><br data-start=\"297\" data-end=\"300\" \/>- S\u00e9jour dans un appartement ou une villa priv\u00e9e pr\u00e9\u00e9tabli(e)<br data-start=\"354\" data-end=\"357\" \/>- Des propri\u00e9t\u00e9s s\u00e9lectionn\u00e9es pour s'adapter \u00e0 votre confort et \u00e0 votre style<\/li>\n<\/ul>\t\t\t\t\t\t\t\t<\/div>\n\t\t\t\t<\/div>\n\t\t\t\t\t<\/div>\n\t\t\t\t<\/div>\n\t\t<div class=\"elementor-element elementor-element-1179abd e-flex e-con-boxed e-con e-parent\" data-id=\"1179abd\" data-element_type=\"container\" data-settings=\"{&quot;background_background&quot;:&quot;gradient&quot;}\">\n\t\t\t\t\t<div class=\"e-con-inner\">\n\t\t\t\t<div class=\"elementor-element elementor-element-ef51986 elementor-widget elementor-widget-image\" data-id=\"ef51986\" data-element_type=\"widget\" data-widget_type=\"image.default\">\n\t\t\t\t<div class=\"elementor-widget-container\">\n\t\t\t\t\t\t\t\t\t\t\t\t\t\t\t<img decoding=\"async\" width=\"1024\" height=\"696\" src=\"https:\/\/starjin.pro\/wp-content\/uploads\/2025\/06\/villa-2186906-1024x696.jpg\" class=\"attachment-large size-large wp-image-248\" alt=\"\" srcset=\"https:\/\/starjin.pro\/wp-content\/uploads\/2025\/06\/villa-2186906-1024x696.jpg 1024w, https:\/\/starjin.pro\/wp-content\/uploads\/2025\/06\/villa-2186906-300x204.jpg 300w, https:\/\/starjin.pro\/wp-content\/uploads\/2025\/06\/villa-2186906-768x522.jpg 768w, https:\/\/starjin.pro\/wp-content\/uploads\/2025\/06\/villa-2186906-1536x1044.jpg 1536w, https:\/\/starjin.pro\/wp-content\/uploads\/2025\/06\/villa-2186906.jpg 2000w\" sizes=\"(max-width: 1024px) 100vw, 1024px\" \/>\t\t\t\t\t\t\t\t\t\t\t\t\t\t\t<\/div>\n\t\t\t\t<\/div>\n\t\t\t\t\t<\/div>\n\t\t\t\t<\/div>\n\t\t<div class=\"elementor-element elementor-element-da4c44b e-flex e-con-boxed e-con e-parent\" data-id=\"da4c44b\" data-element_type=\"container\" data-settings=\"{&quot;background_background&quot;:&quot;classic&quot;}\">\n\t\t\t\t\t<div class=\"e-con-inner\">\n\t\t\t\t<div class=\"elementor-element elementor-element-6154340 elementor-widget elementor-widget-text-editor\" data-id=\"6154340\" data-element_type=\"widget\" data-widget_type=\"text-editor.default\">\n\t\t\t\t<div class=\"elementor-widget-container\">\n\t\t\t\t\t\t\t\t\t<ul>\n<li><strong data-start=\"418\" data-end=\"452\">Session d'enregistrement professionnel<\/strong><br data-start=\"452\" data-end=\"455\" \/>- Journ\u00e9e en studio dans l'un des meilleurs \u00e9tablissements de la C\u00f4te d'Azur<br data-start=\"516\" data-end=\"519\" \/>- Production originale sous la direction de <em data-start=\"573\" data-end=\"587\">Boris StajiN<\/em><\/li>\n<\/ul>\t\t\t\t\t\t\t\t<\/div>\n\t\t\t\t<\/div>\n\t\t\t\t\t<\/div>\n\t\t\t\t<\/div>\n\t\t<div class=\"elementor-element elementor-element-ce5b6b1 e-flex e-con-boxed e-con e-parent\" data-id=\"ce5b6b1\" data-element_type=\"container\" data-settings=\"{&quot;background_background&quot;:&quot;gradient&quot;}\">\n\t\t\t\t\t<div class=\"e-con-inner\">\n\t\t\t\t<div class=\"elementor-element elementor-element-e3ffe28 elementor-widget elementor-widget-image\" data-id=\"e3ffe28\" data-element_type=\"widget\" data-widget_type=\"image.default\">\n\t\t\t\t<div class=\"elementor-widget-container\">\n\t\t\t\t\t\t\t\t\t\t\t\t\t\t\t<img decoding=\"async\" width=\"1024\" height=\"683\" src=\"https:\/\/starjin.pro\/wp-content\/uploads\/2025\/06\/studio-3409677-scaled.jpg\" class=\"attachment-large size-large wp-image-247\" alt=\"\" srcset=\"https:\/\/starjin.pro\/wp-content\/uploads\/2025\/06\/studio-3409677-scaled.jpg 2560w, https:\/\/starjin.pro\/wp-content\/uploads\/2025\/06\/studio-3409677-300x200.jpg 300w\" sizes=\"(max-width: 1024px) 100vw, 1024px\" \/>\t\t\t\t\t\t\t\t\t\t\t\t\t\t\t<\/div>\n\t\t\t\t<\/div>\n\t\t\t\t\t<\/div>\n\t\t\t\t<\/div>\n\t\t<div class=\"elementor-element elementor-element-66690b4 e-flex e-con-boxed e-con e-parent\" data-id=\"66690b4\" data-element_type=\"container\" data-settings=\"{&quot;background_background&quot;:&quot;classic&quot;}\">\n\t\t\t\t\t<div class=\"e-con-inner\">\n\t\t\t\t<div class=\"elementor-element elementor-element-950f30d elementor-widget elementor-widget-text-editor\" data-id=\"950f30d\" data-element_type=\"widget\" data-widget_type=\"text-editor.default\">\n\t\t\t\t<div class=\"elementor-widget-container\">\n\t\t\t\t\t\t\t\t\t<ul><li><strong data-start=\"592\" data-end=\"613\">Tournage d'un clip vid\u00e9o<\/strong><br data-start=\"613\" data-end=\"616\" \/>- R\u00e9alis\u00e9 par <em data-start=\"633\" data-end=\"653\">Vladimir Maksimkov<\/em> - r\u00e9alisateur, sc\u00e9nariste et producteur professionnel<br data-start=\"705\" data-end=\"708\" \/>- Tournage dans des lieux embl\u00e9matiques : villas, rues de Monaco, yachts de luxe, plages, etc.<\/li><\/ul>\t\t\t\t\t\t\t\t<\/div>\n\t\t\t\t<\/div>\n\t\t\t\t\t<\/div>\n\t\t\t\t<\/div>\n\t\t<div class=\"elementor-element elementor-element-447054a e-flex e-con-boxed e-con e-parent\" data-id=\"447054a\" data-element_type=\"container\" data-settings=\"{&quot;background_background&quot;:&quot;gradient&quot;}\">\n\t\t\t\t\t<div class=\"e-con-inner\">\n\t\t\t\t<div class=\"elementor-element elementor-element-f326792 elementor-widget elementor-widget-image\" data-id=\"f326792\" data-element_type=\"widget\" data-widget_type=\"image.default\">\n\t\t\t\t<div class=\"elementor-widget-container\">\n\t\t\t\t\t\t\t\t\t\t\t\t\t\t\t<img loading=\"lazy\" decoding=\"async\" width=\"1024\" height=\"683\" src=\"https:\/\/starjin.pro\/wp-content\/uploads\/2025\/06\/camera-7903435-scaled.jpg\" class=\"attachment-large size-large wp-image-249\" alt=\"\" srcset=\"https:\/\/starjin.pro\/wp-content\/uploads\/2025\/06\/camera-7903435-scaled.jpg 2560w, https:\/\/starjin.pro\/wp-content\/uploads\/2025\/06\/camera-7903435-300x200.jpg 300w\" sizes=\"(max-width: 1024px) 100vw, 1024px\" \/>\t\t\t\t\t\t\t\t\t\t\t\t\t\t\t<\/div>\n\t\t\t\t<\/div>\n\t\t\t\t\t<\/div>\n\t\t\t\t<\/div>\n\t\t<div class=\"elementor-element elementor-element-c69ec8e e-flex e-con-boxed e-con e-parent\" data-id=\"c69ec8e\" data-element_type=\"container\" data-settings=\"{&quot;background_background&quot;:&quot;classic&quot;}\">\n\t\t\t\t\t<div class=\"e-con-inner\">\n\t\t\t\t<div class=\"elementor-element elementor-element-ae5332a elementor-widget elementor-widget-text-editor\" data-id=\"ae5332a\" data-element_type=\"widget\" data-widget_type=\"text-editor.default\">\n\t\t\t\t<div class=\"elementor-widget-container\">\n\t\t\t\t\t\t\t\t\t<ul><li><strong data-start=\"802\" data-end=\"821\">Post-production<\/strong><br data-start=\"821\" data-end=\"824\" \/>- Mixage, mastering de la piste<br data-start=\"859\" data-end=\"862\" \/>- Montage vid\u00e9o et \u00e9talonnage pour un r\u00e9sultat cin\u00e9matographique<\/li><\/ul>\t\t\t\t\t\t\t\t<\/div>\n\t\t\t\t<\/div>\n\t\t\t\t\t<\/div>\n\t\t\t\t<\/div>\n\t\t<div class=\"elementor-element elementor-element-1dacc00 e-flex e-con-boxed e-con e-parent\" data-id=\"1dacc00\" data-element_type=\"container\" data-settings=\"{&quot;background_background&quot;:&quot;gradient&quot;}\">\n\t\t\t\t\t<div class=\"e-con-inner\">\n\t\t\t\t<div class=\"elementor-element elementor-element-bba9cba elementor-widget elementor-widget-image\" data-id=\"bba9cba\" data-element_type=\"widget\" data-widget_type=\"image.default\">\n\t\t\t\t<div class=\"elementor-widget-container\">\n\t\t\t\t\t\t\t\t\t\t\t\t\t\t\t<img loading=\"lazy\" decoding=\"async\" width=\"1024\" height=\"683\" src=\"https:\/\/starjin.pro\/wp-content\/uploads\/2025\/06\/mixer-1342836_1920-1024x683.jpg\" class=\"attachment-large size-large wp-image-305\" alt=\"\" srcset=\"https:\/\/starjin.pro\/wp-content\/uploads\/2025\/06\/mixer-1342836_1920-1024x683.jpg 1024w, https:\/\/starjin.pro\/wp-content\/uploads\/2025\/06\/mixer-1342836_1920-300x200.jpg 300w, https:\/\/starjin.pro\/wp-content\/uploads\/2025\/06\/mixer-1342836_1920-768x512.jpg 768w, https:\/\/starjin.pro\/wp-content\/uploads\/2025\/06\/mixer-1342836_1920-1536x1024.jpg 1536w, https:\/\/starjin.pro\/wp-content\/uploads\/2025\/06\/mixer-1342836_1920.jpg 1920w\" sizes=\"(max-width: 1024px) 100vw, 1024px\" \/>\t\t\t\t\t\t\t\t\t\t\t\t\t\t\t<\/div>\n\t\t\t\t<\/div>\n\t\t\t\t\t<\/div>\n\t\t\t\t<\/div>\n\t\t<div class=\"elementor-element elementor-element-43b5a86 e-flex e-con-boxed e-con e-parent\" data-id=\"43b5a86\" data-element_type=\"container\" data-settings=\"{&quot;background_background&quot;:&quot;classic&quot;}\">\n\t\t\t\t\t<div class=\"e-con-inner\">\n\t\t\t\t<div class=\"elementor-element elementor-element-860c57f elementor-widget elementor-widget-text-editor\" data-id=\"860c57f\" data-element_type=\"widget\" data-widget_type=\"text-editor.default\">\n\t\t\t\t<div class=\"elementor-widget-container\">\n\t\t\t\t\t\t\t\t\t<ul>\n<li><strong data-start=\"926\" data-end=\"958\">Mode de vie et services de soutien<\/strong><br data-start=\"958\" data-end=\"961\" \/>- Assistance compl\u00e8te tout au long du s\u00e9jour<br data-start=\"1002\" data-end=\"1005\" \/>- Acc\u00e8s \u00e0 des partenaires dans les domaines de l'immobilier, du transport, de la location de bateaux et de la s\u00e9curit\u00e9<\/li>\n<\/ul>\t\t\t\t\t\t\t\t<\/div>\n\t\t\t\t<\/div>\n\t\t\t\t\t<\/div>\n\t\t\t\t<\/div>\n\t\t<div class=\"elementor-element elementor-element-13f5d30 e-flex e-con-boxed e-con e-parent\" data-id=\"13f5d30\" data-element_type=\"container\" data-settings=\"{&quot;background_background&quot;:&quot;gradient&quot;}\">\n\t\t\t\t\t<div class=\"e-con-inner\">\n\t\t\t\t<div class=\"elementor-element elementor-element-456052d elementor-widget elementor-widget-image\" data-id=\"456052d\" data-element_type=\"widget\" data-widget_type=\"image.default\">\n\t\t\t\t<div class=\"elementor-widget-container\">\n\t\t\t\t\t\t\t\t\t\t\t\t\t\t\t<img loading=\"lazy\" decoding=\"async\" width=\"1024\" height=\"683\" src=\"https:\/\/starjin.pro\/wp-content\/uploads\/2025\/06\/megayacht-838881-scaled.jpg\" class=\"attachment-large size-large wp-image-308\" alt=\"\" srcset=\"https:\/\/starjin.pro\/wp-content\/uploads\/2025\/06\/megayacht-838881-scaled.jpg 2560w, https:\/\/starjin.pro\/wp-content\/uploads\/2025\/06\/megayacht-838881-300x200.jpg 300w\" sizes=\"(max-width: 1024px) 100vw, 1024px\" \/>\t\t\t\t\t\t\t\t\t\t\t\t\t\t\t<\/div>\n\t\t\t\t<\/div>\n\t\t\t\t\t<\/div>\n\t\t\t\t<\/div>\n\t\t<div class=\"elementor-element elementor-element-3c7cd19 e-flex e-con-boxed e-con e-parent\" data-id=\"3c7cd19\" data-element_type=\"container\" data-settings=\"{&quot;background_background&quot;:&quot;gradient&quot;}\">\n\t\t\t\t\t<div class=\"e-con-inner\">\n\t\t\t\t<div class=\"elementor-element elementor-element-c6c4362 elementor-widget elementor-widget-text-editor\" data-id=\"c6c4362\" data-element_type=\"widget\" data-widget_type=\"text-editor.default\">\n\t\t\t\t<div class=\"elementor-widget-container\">\n\t\t\t\t\t\t\t\t\t<ul>\n<li><strong data-start=\"1092\" data-end=\"1110\">Livraison finale<\/strong><br data-start=\"1110\" data-end=\"1113\" \/>- Vous recevez une piste originale produite de mani\u00e8re professionnelle<br data-start=\"1170\" data-end=\"1173\" \/>- Une vid\u00e9o musicale de haute qualit\u00e9 pr\u00eate \u00e0 \u00eatre diffus\u00e9e dans le monde entier<\/li>\n<\/ul>\n<p><strong>\u00a0 \u00a0 \u00a0 + Des souvenirs inoubliables et <\/strong><\/p>\n<p><strong>\u00a0 \u00a0 \u00a0 \u00a0un statut de STAR qui reste \u00e0 jamais grav\u00e9 dans votre m\u00e9moire...<\/strong><\/p>\t\t\t\t\t\t\t\t<\/div>\n\t\t\t\t<\/div>\n\t\t\t\t\t<\/div>\n\t\t\t\t<\/div>\n\t\t<div class=\"elementor-element elementor-element-55bcd6e e-flex e-con-boxed e-con e-parent\" data-id=\"55bcd6e\" data-element_type=\"container\">\n\t\t\t\t\t<div class=\"e-con-inner\">\n\t\t\t\t<div class=\"elementor-element elementor-element-2f0c071 elementor-widget elementor-widget-image\" data-id=\"2f0c071\" data-element_type=\"widget\" data-widget_type=\"image.default\">\n\t\t\t\t<div class=\"elementor-widget-container\">\n\t\t\t\t\t\t\t\t\t\t\t\t\t\t\t<img loading=\"lazy\" decoding=\"async\" width=\"1024\" height=\"1011\" src=\"https:\/\/starjin.pro\/wp-content\/uploads\/2025\/07\/headphones-4223911-scaled.jpg\" class=\"attachment-large size-large wp-image-899\" alt=\"\" srcset=\"https:\/\/starjin.pro\/wp-content\/uploads\/2025\/07\/headphones-4223911-scaled.jpg 2560w, https:\/\/starjin.pro\/wp-content\/uploads\/2025\/07\/headphones-4223911-300x296.jpg 300w\" sizes=\"(max-width: 1024px) 100vw, 1024px\" \/>\t\t\t\t\t\t\t\t\t\t\t\t\t\t\t<\/div>\n\t\t\t\t<\/div>\n\t\t\t\t\t<\/div>\n\t\t\t\t<\/div>\n\t\t\t\t<\/div>","protected":false},"excerpt":{"rendered":"<p>What We Offer with StarJin VIP Airport Pickup\u2013 Personal driver meets you at the airport\u2013 Transfer in a premium rental car Luxury Accommodation\u2013 Stay in a pre-arranged apartment or private villa\u2013 Properties selected to match your comfort and style Professional Recording Session\u2013 Studio day at one of the French Riviera\u2019s top facilities\u2013 Original track production [&hellip;]<\/p>","protected":false},"author":1,"featured_media":0,"parent":0,"menu_order":0,"comment_status":"closed","ping_status":"closed","template":"elementor_canvas","meta":{"_eb_attr":"","ocean_post_layout":"","ocean_both_sidebars_style":"","ocean_both_sidebars_content_width":0,"ocean_both_sidebars_sidebars_width":0,"ocean_sidebar":"","ocean_second_sidebar":"","ocean_disable_margins":"enable","ocean_add_body_class":"","ocean_shortcode_before_top_bar":"","ocean_shortcode_after_top_bar":"","ocean_shortcode_before_header":"","ocean_shortcode_after_header":"","ocean_has_shortcode":"","ocean_shortcode_after_title":"","ocean_shortcode_before_footer_widgets":"","ocean_shortcode_after_footer_widgets":"","ocean_shortcode_before_footer_bottom":"","ocean_shortcode_after_footer_bottom":"","ocean_display_top_bar":"default","ocean_display_header":"default","ocean_header_style":"","ocean_center_header_left_menu":"","ocean_custom_header_template":"","ocean_custom_logo":0,"ocean_custom_retina_logo":0,"ocean_custom_logo_max_width":0,"ocean_custom_logo_tablet_max_width":0,"ocean_custom_logo_mobile_max_width":0,"ocean_custom_logo_max_height":0,"ocean_custom_logo_tablet_max_height":0,"ocean_custom_logo_mobile_max_height":0,"ocean_header_custom_menu":"","ocean_menu_typo_font_family":"","ocean_menu_typo_font_subset":"","ocean_menu_typo_font_size":0,"ocean_menu_typo_font_size_tablet":0,"ocean_menu_typo_font_size_mobile":0,"ocean_menu_typo_font_size_unit":"px","ocean_menu_typo_font_weight":"","ocean_menu_typo_font_weight_tablet":"","ocean_menu_typo_font_weight_mobile":"","ocean_menu_typo_transform":"","ocean_menu_typo_transform_tablet":"","ocean_menu_typo_transform_mobile":"","ocean_menu_typo_line_height":0,"ocean_menu_typo_line_height_tablet":0,"ocean_menu_typo_line_height_mobile":0,"ocean_menu_typo_line_height_unit":"","ocean_menu_typo_spacing":0,"ocean_menu_typo_spacing_tablet":0,"ocean_menu_typo_spacing_mobile":0,"ocean_menu_typo_spacing_unit":"","ocean_menu_link_color":"","ocean_menu_link_color_hover":"","ocean_menu_link_color_active":"","ocean_menu_link_background":"","ocean_menu_link_hover_background":"","ocean_menu_link_active_background":"","ocean_menu_social_links_bg":"","ocean_menu_social_hover_links_bg":"","ocean_menu_social_links_color":"","ocean_menu_social_hover_links_color":"","ocean_disable_title":"default","ocean_disable_heading":"default","ocean_post_title":"","ocean_post_subheading":"","ocean_post_title_style":"","ocean_post_title_background_color":"","ocean_post_title_background":0,"ocean_post_title_bg_image_position":"","ocean_post_title_bg_image_attachment":"","ocean_post_title_bg_image_repeat":"","ocean_post_title_bg_image_size":"","ocean_post_title_height":0,"ocean_post_title_bg_overlay":0.5,"ocean_post_title_bg_overlay_color":"","ocean_disable_breadcrumbs":"default","ocean_breadcrumbs_color":"","ocean_breadcrumbs_separator_color":"","ocean_breadcrumbs_links_color":"","ocean_breadcrumbs_links_hover_color":"","ocean_display_footer_widgets":"default","ocean_display_footer_bottom":"default","ocean_custom_footer_template":"","footnotes":""},"class_list":["post-285","page","type-page","status-publish","hentry","entry"],"_links":{"self":[{"href":"https:\/\/starjin.pro\/fr\/wp-json\/wp\/v2\/pages\/285","targetHints":{"allow":["GET"]}}],"collection":[{"href":"https:\/\/starjin.pro\/fr\/wp-json\/wp\/v2\/pages"}],"about":[{"href":"https:\/\/starjin.pro\/fr\/wp-json\/wp\/v2\/types\/page"}],"author":[{"embeddable":true,"href":"https:\/\/starjin.pro\/fr\/wp-json\/wp\/v2\/users\/1"}],"replies":[{"embeddable":true,"href":"https:\/\/starjin.pro\/fr\/wp-json\/wp\/v2\/comments?post=285"}],"version-history":[{"count":93,"href":"https:\/\/starjin.pro\/fr\/wp-json\/wp\/v2\/pages\/285\/revisions"}],"predecessor-version":[{"id":1258,"href":"https:\/\/starjin.pro\/fr\/wp-json\/wp\/v2\/pages\/285\/revisions\/1258"}],"wp:attachment":[{"href":"https:\/\/starjin.pro\/fr\/wp-json\/wp\/v2\/media?parent=285"}],"curies":[{"name":"wp","href":"https:\/\/api.w.org\/{rel}","templated":true}]}}